{"id":2,"date":"2018-07-04T21:58:22","date_gmt":"2018-07-04T19:58:22","guid":{"rendered":"http:\/\/badminton-plougonvelin.fr\/?page_id=2"},"modified":"2021-10-27T14:19:52","modified_gmt":"2021-10-27T12:19:52","slug":"page-d-exemple","status":"publish","type":"page","link":"https:\/\/badminton-plougonvelin.fr\/index.php\/page-d-exemple\/","title":{"rendered":"Le Badminton"},"content":{"rendered":"<p>Les r\u00e8gles du jeu du Badminton via le lien ci-dessous :<\/p>\n<p><a href=\"http:\/\/www.badminton-web.fr\/badminton\/Regles_du_jeu_2006.pdf\">http:\/\/www.badminton-web.fr\/badminton\/Regles_du_jeu_2006.pdf<\/a><\/p>\n<p><\/p>\n<p><img loading=\"lazy\" decoding=\"async\" class=\"wp-image-43 alignleft\" src=\"https:\/\/badminton-plougonvelin.fr\/wp-content\/uploads\/2018\/07\/BathTerrain-300x258.jpg\" alt=\"\" width=\"534\" height=\"459\" srcset=\"https:\/\/badminton-plougonvelin.fr\/wp-content\/uploads\/2018\/07\/BathTerrain-300x258.jpg 300w, https:\/\/badminton-plougonvelin.fr\/wp-content\/uploads\/2018\/07\/BathTerrain.jpg 568w\" sizes=\"(max-width: 534px) 100vw, 534px\" \/><\/p>\n\n\n<p><\/p>\n\n\n\n<p><\/p>\n\n\n\n<p><\/p>\n\n\n\n<p><\/p>\n\n\n\n<p><\/p>\n\n\n\n<p><\/p>\n\n\n\n<figure class=\"wp-block-image size-large is-resized\"><img loading=\"lazy\" decoding=\"async\" src=\"https:\/\/badminton-plougonvelin.fr\/wp-content\/uploads\/2021\/10\/BADMINTON21_22-1024x683.jpg\" alt=\"\" class=\"wp-image-400\" width=\"369\" height=\"246\" srcset=\"https:\/\/badminton-plougonvelin.fr\/wp-content\/uploads\/2021\/10\/BADMINTON21_22-1024x683.jpg 1024w, https:\/\/badminton-plougonvelin.fr\/wp-content\/uploads\/2021\/10\/BADMINTON21_22-300x200.jpg 300w, https:\/\/badminton-plougonvelin.fr\/wp-content\/uploads\/2021\/10\/BADMINTON21_22-768x512.jpg 768w, https:\/\/badminton-plougonvelin.fr\/wp-content\/uploads\/2021\/10\/BADMINTON21_22-1536x1024.jpg 1536w, https:\/\/badminton-plougonvelin.fr\/wp-content\/uploads\/2021\/10\/BADMINTON21_22.jpg 1620w\" sizes=\"(max-width: 369px) 100vw, 369px\" \/><\/figure>\n\n\n\n<p><\/p>\n\n\n\n<p><strong>Les origines du badminton<\/strong> :<\/p>\n\n\n\n<p>Si le Moyen-\u00e2ge a connu des activit\u00e9s semblables utilisant volants et raquettes, c\u2019est en 1873 que le mot badminton vit le jour. Le Ch\u00e2teau de la ville de Badminton, une ville du sud-ouest de l\u2019Angleterre, fut le th\u00e9\u00e2tre d\u2019un jeu original. Les officiers du Duc de Beaufort voulurent reproduire le poona, un sport d\u00e9couvert durant leur derni\u00e8re exp\u00e9dition dans les Indes. \u00c0 d\u00e9faut des balles l\u00e9g\u00e8res utilis\u00e9es par leurs homologues indiens, ils se content\u00e8rent d\u2019un bouchon de Champagne agr\u00e9ment\u00e9 de quelques plumes. Fascin\u00e9s par leur id\u00e9e, les officiers firent conna\u00eetre ce passe-temps sous le nom de la ville o\u00f9 il fut invent\u00e9, Badminton.<\/p>\n\n\n\n<p>Il faudra attendre 1934 pour assister \u00e0 la cr\u00e9ation de la F\u00e9d\u00e9ration Internationale de Badminton (IBF) et 1992 pour son inscription aux Jeux Olympiques.<\/p>\n\n\n\n<p><\/p>\n\n\n\n<figure class=\"wp-block-image size-full is-resized\"><img loading=\"lazy\" decoding=\"async\" src=\"https:\/\/badminton-plougonvelin.fr\/wp-content\/uploads\/2021\/10\/1BADMINTON21_22.jpg\" alt=\"\" class=\"wp-image-401\" width=\"499\" height=\"281\" srcset=\"https:\/\/badminton-plougonvelin.fr\/wp-content\/uploads\/2021\/10\/1BADMINTON21_22.jpg 885w, https:\/\/badminton-plougonvelin.fr\/wp-content\/uploads\/2021\/10\/1BADMINTON21_22-300x169.jpg 300w, https:\/\/badminton-plougonvelin.fr\/wp-content\/uploads\/2021\/10\/1BADMINTON21_22-768x434.jpg 768w\" sizes=\"(max-width: 499px) 100vw, 499px\" \/><\/figure>\n\n\n\n<p><\/p>\n\n\n\n<p><strong>Les r\u00e8gles principales du badminton :<\/strong><\/p>\n\n\n\n<p>Le service : pour d\u00e9buter le jeu, le serveur se positionne dans sa zone de service de droite si son score est pair. Cet \u00e9change se r\u00e9alise en diagonale : le volant doit tomber dans le carr\u00e9 de service adverse pour gagner le point. S\u2019il tombe en dehors, le point va \u00e0 l\u2019adversaire.<\/p>\n\n\n\n<p><\/p>\n\n\n\n<p>&#8211;&gt;<strong>Fautes principales entra\u00eenant un point pour l&rsquo;adversaire :<\/strong><\/p>\n\n\n\n<p>\u2022 Service : les pieds du serveur mordent une ligne, la frappe se fait plus haut que la taille du serveur, le volant tombe \u00e0 c\u00f4t\u00e9 du carr\u00e9 de service adverse, le serveur manque le volant.<\/p>\n\n\n\n<p>\u2022 Le volant tombe hors des limites du terrain.<\/p>\n\n\n\n<p>\u2022 Le volant est frapp\u00e9 deux fois cons\u00e9cutives par la m\u00eame \u00e9quipe.<\/p>\n\n\n\n<p>\u2022 La raquette ou un joueur touche le filet pendant l\u2019action.<\/p>\n\n\n\n<p><\/p>\n\n\n\n<p>&#8211;&gt;<strong>Le comptage des points :<\/strong><\/p>\n\n\n\n<p>Chaque point est compt\u00e9, que l\u2019\u00e9quipe ou le joueur ait effectu\u00e9 le service ou non (r\u00e8gle en vigueur depuis 2006). Le premier arrivant \u00e0 21 points, avec deux points d\u2019\u00e9cart, remporte le set. Si le jeu se poursuit jusqu\u2019\u00e0 29 points, sans deux points de diff\u00e9rence, la premi\u00e8re \u00e9quipe \u00e0 marquer le trenti\u00e8me point remporte le set.<\/p>\n\n\n\n<p><\/p>\n\n\n\n<p><strong>Vid\u00e9o explicative :<\/strong><\/p>\n\n\n\n<p><iframe loading=\"lazy\" src=\"https:\/\/www.youtube.com\/embed\/vEEeUvdzm-U\" title=\"YouTube video player\" allow=\"accelerometer; autoplay; clipboard-write; encrypted-media; gyroscope; picture-in-picture\" allowfullscreen=\"\" width=\"560\" height=\"315\" frameborder=\"0\"><\/iframe><\/p>\n","protected":false},"excerpt":{"rendered":"<p>Les r\u00e8gles du jeu du Badminton via le lien ci-dessous : http:\/\/www.badminton-web.fr\/badminton\/Regles_du_jeu_2006.pdf Les origines du badminton : Si le Moyen-\u00e2ge a connu des activit\u00e9s semblables utilisant volants et raquettes, c\u2019est en 1873 que le mot badminton vit le jour. Le &hellip; <a href=\"https:\/\/badminton-plougonvelin.fr\/index.php\/page-d-exemple\/\">Continuer la lecture <span class=\"meta-nav\">&rarr;<\/span><\/a><\/p>\n","protected":false},"author":1,"featured_media":0,"parent":0,"menu_order":0,"comment_status":"closed","ping_status":"open","template":"","meta":{"footnotes":""},"_links":{"self":[{"href":"https:\/\/badminton-plougonvelin.fr\/index.php\/wp-json\/wp\/v2\/pages\/2"}],"collection":[{"href":"https:\/\/badminton-plougonvelin.fr\/index.php\/wp-json\/wp\/v2\/pages"}],"about":[{"href":"https:\/\/badminton-plougonvelin.fr\/index.php\/wp-json\/wp\/v2\/types\/page"}],"author":[{"embeddable":true,"href":"https:\/\/badminton-plougonvelin.fr\/index.php\/wp-json\/wp\/v2\/users\/1"}],"replies":[{"embeddable":true,"href":"https:\/\/badminton-plougonvelin.fr\/index.php\/wp-json\/wp\/v2\/comments?post=2"}],"version-history":[{"count":10,"href":"https:\/\/badminton-plougonvelin.fr\/index.php\/wp-json\/wp\/v2\/pages\/2\/revisions"}],"predecessor-version":[{"id":407,"href":"https:\/\/badminton-plougonvelin.fr\/index.php\/wp-json\/wp\/v2\/pages\/2\/revisions\/407"}],"wp:attachment":[{"href":"https:\/\/badminton-plougonvelin.fr\/index.php\/wp-json\/wp\/v2\/media?parent=2"}],"curies":[{"name":"wp","href":"https:\/\/api.w.org\/{rel}","templated":true}]}}